{"id":13,"date":"2022-01-05T10:26:35","date_gmt":"2022-01-05T09:26:35","guid":{"rendered":"https:\/\/www.voyages-bolivie.com\/paiement\/?page_id=13"},"modified":"2022-01-05T11:55:39","modified_gmt":"2022-01-05T10:55:39","slug":"home","status":"publish","type":"page","link":"https:\/\/www.voyages-bolivie.com\/paiement\/","title":{"rendered":"Home"},"content":{"rendered":"<div class=\"woocommerce\">\t\t\t<div class=\"single-product\" data-product-page-preselected-id=\"0\">\n\t\t\t\t<div class=\"woocommerce-notices-wrapper\"><\/div><div id=\"product-45\" class=\"product type-product post-45 status-publish first instock product_cat-non-classe shipping-taxable purchasable product-type-simple\">\n\n\t\n\t<div class=\"summary entry-summary\">\n\t\t<h2>D\u00e9finir le montant en USD comme indiqu\u00e9 dans votre devis, la commission de 2,5% sera automatiquement ajout\u00e9e.<\/h2>\n\t\n\t<form id=\"priceform\" class=\"cart\" action=\"https:\/\/www.voyages-bolivie.com\/paiement\/add-cart\/\" method=\"post\" enctype='multipart\/form-data'>\n\t\t\n\t\t<div class=\"base-price-wrap\">\n\n\t\t<input type=\"number\" name=\"base-price\" id=\"base-price\">\n\t\t<span class=\"ywcnp_currency\">$<\/span>\n\n\t\t<\/div>\n\n\t\t<h2>Montant total \u00e0 payer :<\/h2>\n\n\t\t<div class=\"wrap-noclick\">\n\t\t\t\n<div id=\"ywcnp_form_name_your_price\" style=\"margin:10px 0px;display:block;\">\n\t\t<p class=\"ywcnp_suggest_price_single\">\n\t\t\t\t<label for=\"ywcnp_suggest_price_single\">Name Your Price<\/label>\n\t\t<input type=\"text\" id=\"ywcnp_suggest_price_single\" name=\"ywcnp_amount\" class=\"ywcnp_sugg_price short wc_input_price\" value=\"\"  data-suggest_price=\"\"><span class=\"ywcnp_currency\">&#36;<\/span>\t\t\t\t<input type=\"hidden\" name=\"ywcnp_min\" value=\"1\" \/>\n\t\t<input type=\"hidden\" name=\"ywcnp_max\" value=\"\" \/>\n\n\t\t<input type=\"hidden\" name=\"ywcnp_currency\" value=\"USD\" \/>\n\t<\/p>\n\t<p class=\"ywcnp_sugg_label\" style=\"display:none;\">\n\t\t<span class=\"ywcnp_suggest_label\">Minimum price allowed <span class=\"woocommerce-Price-amount amount\"><bdi>1,00<span class=\"woocommerce-Price-currencySymbol\">&#36;<\/span><\/bdi><\/span><\/span>\t<\/p>\n\t<p class=\"ywcnp_min_label\" style=\"display:block;\">\n\t\t<span>Minimum price allowed<span class=\"woocommerce-Price-amount amount\"><bdi>1,00<span class=\"woocommerce-Price-currencySymbol\">&#36;<\/span><\/bdi><\/span><\/span>\t<\/p>\n\n\t<p class=\"ywcnp_max_label\" style=\"display:none;\">\n\t\t<span class=\"amount\"><\/span>\t<\/p>\n\t<\/div>\n\t\t\t<div class=\"noclick\"><\/div>\n\t\t<\/div>\n\t\t\n\t\t\n\t\t<div class=\"wrap-noclick wrap-button\">\n\t\t\t<button id=\"tki-next\" type=\"submit\" name=\"add-to-cart\" value=\"45\" class=\"single_add_to_cart_button button alt\">\u00c9tape suivante<\/button>\n\t\t\t<div class=\"noclick\"><\/div>\n\t\t<\/div>\n\n\n\t<\/form>\n\n\n\t<\/div>\n\n\t<\/div>\n\n\t\t\t<\/div>\n\t\t\t<\/div>\n","protected":false},"excerpt":{"rendered":"","protected":false},"author":1,"featured_media":0,"parent":0,"menu_order":0,"comment_status":"closed","ping_status":"closed","template":"template-homepage.php","meta":{"footnotes":""},"class_list":["post-13","page","type-page","status-publish","hentry"],"_links":{"self":[{"href":"https:\/\/www.voyages-bolivie.com\/paiement\/wp-json\/wp\/v2\/pages\/13","targetHints":{"allow":["GET"]}}],"collection":[{"href":"https:\/\/www.voyages-bolivie.com\/paiement\/wp-json\/wp\/v2\/pages"}],"about":[{"href":"https:\/\/www.voyages-bolivie.com\/paiement\/wp-json\/wp\/v2\/types\/page"}],"author":[{"embeddable":true,"href":"https:\/\/www.voyages-bolivie.com\/paiement\/wp-json\/wp\/v2\/users\/1"}],"replies":[{"embeddable":true,"href":"https:\/\/www.voyages-bolivie.com\/paiement\/wp-json\/wp\/v2\/comments?post=13"}],"version-history":[{"count":2,"href":"https:\/\/www.voyages-bolivie.com\/paiement\/wp-json\/wp\/v2\/pages\/13\/revisions"}],"predecessor-version":[{"id":47,"href":"https:\/\/www.voyages-bolivie.com\/paiement\/wp-json\/wp\/v2\/pages\/13\/revisions\/47"}],"wp:attachment":[{"href":"https:\/\/www.voyages-bolivie.com\/paiement\/wp-json\/wp\/v2\/media?parent=13"}],"curies":[{"name":"wp","href":"https:\/\/api.w.org\/{rel}","templated":true}]}}